{"id":201,"date":"2025-07-23T15:11:10","date_gmt":"2025-07-23T13:11:10","guid":{"rendered":"https:\/\/p693934.mittwaldserver.info\/wordpress\/?page_id=201"},"modified":"2025-09-25T14:16:07","modified_gmt":"2025-09-25T12:16:07","slug":"hydrogeologische-gutachten","status":"publish","type":"page","link":"https:\/\/p693934.mittwaldserver.info\/wordpress\/leistungen\/hydrogeologische-gutachten\/","title":{"rendered":"Hydrogeologische Gutachten"},"content":{"rendered":"","protected":false},"excerpt":{"rendered":"","protected":false},"author":3,"featured_media":0,"parent":163,"menu_order":5,"comment_status":"closed","ping_status":"closed","template":"","meta":{"footnotes":""},"class_list":["post-201","page","type-page","status-publish","hentry"],"yoast_head":"<!-- This site is optimized with the Yoast SEO plugin v27.3 - https:\/\/yoast.com\/product\/yoast-seo-wordpress\/ -->\n<title>Hydrogeologische Gutachten - WSP Wittlich<\/title>\n<meta name=\"description\" content=\"Regenwassermanagement mit WSP Wittlich: Versickerung pr\u00fcfen, kf-Wert ermitteln &amp; Entw\u00e4sserung planen - f\u00fcr sichere Bauantr\u00e4ge &amp; genehmigte Konzepte.\" \/>\n<meta name=\"robots\" content=\"noindex, follow, max-snippet:-1, max-image-preview:large, max-video-preview:-1\" \/>\n<meta property=\"og:locale\" content=\"de_DE\" \/>\n<meta property=\"og:type\" content=\"article\" \/>\n<meta property=\"og:title\" content=\"Hydrogeologische Gutachten - WSP Wittlich\" \/>\n<meta property=\"og:description\" content=\"Regenwassermanagement mit WSP Wittlich: Versickerung pr\u00fcfen, kf-Wert ermitteln &amp; Entw\u00e4sserung planen - f\u00fcr sichere Bauantr\u00e4ge &amp; genehmigte Konzepte.\" \/>\n<meta property=\"og:url\" content=\"https:\/\/p693934.mittwaldserver.info\/wordpress\/leistungen\/hydrogeologische-gutachten\/\" \/>\n<meta property=\"og:site_name\" content=\"WSP Wittlich\" \/>\n<meta property=\"article:modified_time\" content=\"2025-09-25T12:16:07+00:00\" \/>\n<meta name=\"twitter:card\" content=\"summary_large_image\" \/>\n<meta name=\"twitter:label1\" content=\"Gesch\u00e4tzte Lesezeit\" \/>\n\t<meta name=\"twitter:data1\" content=\"2\u00a0Minuten\" \/>\n<script type=\"application\/ld+json\" class=\"yoast-schema-graph\">{\"@context\":\"https:\\\/\\\/schema.org\",\"@graph\":[{\"@type\":\"WebPage\",\"@id\":\"https:\\\/\\\/p693934.mittwaldserver.info\\\/wordpress\\\/leistungen\\\/hydrogeologische-gutachten\\\/\",\"url\":\"https:\\\/\\\/p693934.mittwaldserver.info\\\/wordpress\\\/leistungen\\\/hydrogeologische-gutachten\\\/\",\"name\":\"Hydrogeologische Gutachten - WSP Wittlich\",\"isPartOf\":{\"@id\":\"https:\\\/\\\/p693934.mittwaldserver.info\\\/wordpress\\\/#website\"},\"datePublished\":\"2025-07-23T13:11:10+00:00\",\"dateModified\":\"2025-09-25T12:16:07+00:00\",\"description\":\"Regenwassermanagement mit WSP Wittlich: Versickerung pr\u00fcfen, kf-Wert ermitteln & Entw\u00e4sserung planen - f\u00fcr sichere Bauantr\u00e4ge & genehmigte Konzepte.\",\"breadcrumb\":{\"@id\":\"https:\\\/\\\/p693934.mittwaldserver.info\\\/wordpress\\\/leistungen\\\/hydrogeologische-gutachten\\\/#breadcrumb\"},\"inLanguage\":\"de\",\"potentialAction\":[{\"@type\":\"ReadAction\",\"target\":[\"https:\\\/\\\/p693934.mittwaldserver.info\\\/wordpress\\\/leistungen\\\/hydrogeologische-gutachten\\\/\"]}]},{\"@type\":\"BreadcrumbList\",\"@id\":\"https:\\\/\\\/p693934.mittwaldserver.info\\\/wordpress\\\/leistungen\\\/hydrogeologische-gutachten\\\/#breadcrumb\",\"itemListElement\":[{\"@type\":\"ListItem\",\"position\":1,\"name\":\"Startseite\",\"item\":\"https:\\\/\\\/p693934.mittwaldserver.info\\\/wordpress\\\/\"},{\"@type\":\"ListItem\",\"position\":2,\"name\":\"Leistungen\",\"item\":\"https:\\\/\\\/p693934.mittwaldserver.info\\\/wordpress\\\/leistungen\\\/\"},{\"@type\":\"ListItem\",\"position\":3,\"name\":\"Hydrogeologische Gutachten\"}]},{\"@type\":\"WebSite\",\"@id\":\"https:\\\/\\\/p693934.mittwaldserver.info\\\/wordpress\\\/#website\",\"url\":\"https:\\\/\\\/p693934.mittwaldserver.info\\\/wordpress\\\/\",\"name\":\"WSP Wittlich\",\"description\":\"\",\"potentialAction\":[{\"@type\":\"SearchAction\",\"target\":{\"@type\":\"EntryPoint\",\"urlTemplate\":\"https:\\\/\\\/p693934.mittwaldserver.info\\\/wordpress\\\/?s={search_term_string}\"},\"query-input\":{\"@type\":\"PropertyValueSpecification\",\"valueRequired\":true,\"valueName\":\"search_term_string\"}}],\"inLanguage\":\"de\"}]}<\/script>\n<!-- \/ Yoast SEO plugin. -->","yoast_head_json":{"title":"Hydrogeologische Gutachten - WSP Wittlich","description":"Regenwassermanagement mit WSP Wittlich: Versickerung pr\u00fcfen, kf-Wert ermitteln & Entw\u00e4sserung planen - f\u00fcr sichere Bauantr\u00e4ge & genehmigte Konzepte.","robots":{"index":"noindex","follow":"follow","max-snippet":"max-snippet:-1","max-image-preview":"max-image-preview:large","max-video-preview":"max-video-preview:-1"},"og_locale":"de_DE","og_type":"article","og_title":"Hydrogeologische Gutachten - WSP Wittlich","og_description":"Regenwassermanagement mit WSP Wittlich: Versickerung pr\u00fcfen, kf-Wert ermitteln & Entw\u00e4sserung planen - f\u00fcr sichere Bauantr\u00e4ge & genehmigte Konzepte.","og_url":"https:\/\/p693934.mittwaldserver.info\/wordpress\/leistungen\/hydrogeologische-gutachten\/","og_site_name":"WSP Wittlich","article_modified_time":"2025-09-25T12:16:07+00:00","twitter_card":"summary_large_image","twitter_misc":{"Gesch\u00e4tzte Lesezeit":"2\u00a0Minuten"},"schema":{"@context":"https:\/\/schema.org","@graph":[{"@type":"WebPage","@id":"https:\/\/p693934.mittwaldserver.info\/wordpress\/leistungen\/hydrogeologische-gutachten\/","url":"https:\/\/p693934.mittwaldserver.info\/wordpress\/leistungen\/hydrogeologische-gutachten\/","name":"Hydrogeologische Gutachten - WSP Wittlich","isPartOf":{"@id":"https:\/\/p693934.mittwaldserver.info\/wordpress\/#website"},"datePublished":"2025-07-23T13:11:10+00:00","dateModified":"2025-09-25T12:16:07+00:00","description":"Regenwassermanagement mit WSP Wittlich: Versickerung pr\u00fcfen, kf-Wert ermitteln & Entw\u00e4sserung planen - f\u00fcr sichere Bauantr\u00e4ge & genehmigte Konzepte.","breadcrumb":{"@id":"https:\/\/p693934.mittwaldserver.info\/wordpress\/leistungen\/hydrogeologische-gutachten\/#breadcrumb"},"inLanguage":"de","potentialAction":[{"@type":"ReadAction","target":["https:\/\/p693934.mittwaldserver.info\/wordpress\/leistungen\/hydrogeologische-gutachten\/"]}]},{"@type":"BreadcrumbList","@id":"https:\/\/p693934.mittwaldserver.info\/wordpress\/leistungen\/hydrogeologische-gutachten\/#breadcrumb","itemListElement":[{"@type":"ListItem","position":1,"name":"Startseite","item":"https:\/\/p693934.mittwaldserver.info\/wordpress\/"},{"@type":"ListItem","position":2,"name":"Leistungen","item":"https:\/\/p693934.mittwaldserver.info\/wordpress\/leistungen\/"},{"@type":"ListItem","position":3,"name":"Hydrogeologische Gutachten"}]},{"@type":"WebSite","@id":"https:\/\/p693934.mittwaldserver.info\/wordpress\/#website","url":"https:\/\/p693934.mittwaldserver.info\/wordpress\/","name":"WSP Wittlich","description":"","potentialAction":[{"@type":"SearchAction","target":{"@type":"EntryPoint","urlTemplate":"https:\/\/p693934.mittwaldserver.info\/wordpress\/?s={search_term_string}"},"query-input":{"@type":"PropertyValueSpecification","valueRequired":true,"valueName":"search_term_string"}}],"inLanguage":"de"}]}},"_links":{"self":[{"href":"https:\/\/p693934.mittwaldserver.info\/wordpress\/wp-json\/wp\/v2\/pages\/201","targetHints":{"allow":["GET"]}}],"collection":[{"href":"https:\/\/p693934.mittwaldserver.info\/wordpress\/wp-json\/wp\/v2\/pages"}],"about":[{"href":"https:\/\/p693934.mittwaldserver.info\/wordpress\/wp-json\/wp\/v2\/types\/page"}],"author":[{"embeddable":true,"href":"https:\/\/p693934.mittwaldserver.info\/wordpress\/wp-json\/wp\/v2\/users\/3"}],"replies":[{"embeddable":true,"href":"https:\/\/p693934.mittwaldserver.info\/wordpress\/wp-json\/wp\/v2\/comments?post=201"}],"version-history":[{"count":2,"href":"https:\/\/p693934.mittwaldserver.info\/wordpress\/wp-json\/wp\/v2\/pages\/201\/revisions"}],"predecessor-version":[{"id":324,"href":"https:\/\/p693934.mittwaldserver.info\/wordpress\/wp-json\/wp\/v2\/pages\/201\/revisions\/324"}],"up":[{"embeddable":true,"href":"https:\/\/p693934.mittwaldserver.info\/wordpress\/wp-json\/wp\/v2\/pages\/163"}],"wp:attachment":[{"href":"https:\/\/p693934.mittwaldserver.info\/wordpress\/wp-json\/wp\/v2\/media?parent=201"}],"curies":[{"name":"wp","href":"https:\/\/api.w.org\/{rel}","templated":true}]}}