{"id":199,"date":"2025-07-23T15:02:43","date_gmt":"2025-07-23T13:02:43","guid":{"rendered":"https:\/\/p693934.mittwaldserver.info\/wordpress\/?page_id=199"},"modified":"2025-07-30T10:19:26","modified_gmt":"2025-07-30T08:19:26","slug":"erdstatische-berechnungen","status":"publish","type":"page","link":"https:\/\/p693934.mittwaldserver.info\/wordpress\/leistungen\/erdstatische-berechnungen\/","title":{"rendered":"Erdstatische Berechnungen"},"content":{"rendered":"","protected":false},"excerpt":{"rendered":"","protected":false},"author":3,"featured_media":0,"parent":163,"menu_order":4,"comment_status":"closed","ping_status":"closed","template":"","meta":{"footnotes":""},"class_list":["post-199","page","type-page","status-publish","hentry"],"yoast_head":"<!-- This site is optimized with the Yoast SEO plugin v27.3 - https:\/\/yoast.com\/product\/yoast-seo-wordpress\/ -->\n<title>Erdstatische Berechnungen - WSP Wittlich<\/title>\n<meta name=\"description\" content=\"Erdstatische Berechnungen von WSP Wittlich: Tragf\u00e4higkeit, Setzungen &amp; Bodenpressung pr\u00fcfen - f\u00fcr sichere Gr\u00fcndung und pr\u00fcff\u00e4hige Bauplanung.\" \/>\n<meta name=\"robots\" content=\"noindex, follow, max-snippet:-1, max-image-preview:large, max-video-preview:-1\" \/>\n<meta property=\"og:locale\" content=\"de_DE\" \/>\n<meta property=\"og:type\" content=\"article\" \/>\n<meta property=\"og:title\" content=\"Erdstatische Berechnungen - WSP Wittlich\" \/>\n<meta property=\"og:description\" content=\"Erdstatische Berechnungen von WSP Wittlich: Tragf\u00e4higkeit, Setzungen &amp; Bodenpressung pr\u00fcfen - f\u00fcr sichere Gr\u00fcndung und pr\u00fcff\u00e4hige Bauplanung.\" \/>\n<meta property=\"og:url\" content=\"https:\/\/p693934.mittwaldserver.info\/wordpress\/leistungen\/erdstatische-berechnungen\/\" \/>\n<meta property=\"og:site_name\" content=\"WSP Wittlich\" \/>\n<meta property=\"article:modified_time\" content=\"2025-07-30T08:19:26+00:00\" \/>\n<meta name=\"twitter:card\" content=\"summary_large_image\" \/>\n<meta name=\"twitter:label1\" content=\"Gesch\u00e4tzte Lesezeit\" \/>\n\t<meta name=\"twitter:data1\" content=\"3\u00a0Minuten\" \/>\n<script type=\"application\/ld+json\" class=\"yoast-schema-graph\">{\"@context\":\"https:\\\/\\\/schema.org\",\"@graph\":[{\"@type\":\"WebPage\",\"@id\":\"https:\\\/\\\/p693934.mittwaldserver.info\\\/wordpress\\\/leistungen\\\/erdstatische-berechnungen\\\/\",\"url\":\"https:\\\/\\\/p693934.mittwaldserver.info\\\/wordpress\\\/leistungen\\\/erdstatische-berechnungen\\\/\",\"name\":\"Erdstatische Berechnungen - WSP Wittlich\",\"isPartOf\":{\"@id\":\"https:\\\/\\\/p693934.mittwaldserver.info\\\/wordpress\\\/#website\"},\"datePublished\":\"2025-07-23T13:02:43+00:00\",\"dateModified\":\"2025-07-30T08:19:26+00:00\",\"description\":\"Erdstatische Berechnungen von WSP Wittlich: Tragf\u00e4higkeit, Setzungen & Bodenpressung pr\u00fcfen - f\u00fcr sichere Gr\u00fcndung und pr\u00fcff\u00e4hige Bauplanung.\",\"breadcrumb\":{\"@id\":\"https:\\\/\\\/p693934.mittwaldserver.info\\\/wordpress\\\/leistungen\\\/erdstatische-berechnungen\\\/#breadcrumb\"},\"inLanguage\":\"de\",\"potentialAction\":[{\"@type\":\"ReadAction\",\"target\":[\"https:\\\/\\\/p693934.mittwaldserver.info\\\/wordpress\\\/leistungen\\\/erdstatische-berechnungen\\\/\"]}]},{\"@type\":\"BreadcrumbList\",\"@id\":\"https:\\\/\\\/p693934.mittwaldserver.info\\\/wordpress\\\/leistungen\\\/erdstatische-berechnungen\\\/#breadcrumb\",\"itemListElement\":[{\"@type\":\"ListItem\",\"position\":1,\"name\":\"Startseite\",\"item\":\"https:\\\/\\\/p693934.mittwaldserver.info\\\/wordpress\\\/\"},{\"@type\":\"ListItem\",\"position\":2,\"name\":\"Leistungen\",\"item\":\"https:\\\/\\\/p693934.mittwaldserver.info\\\/wordpress\\\/leistungen\\\/\"},{\"@type\":\"ListItem\",\"position\":3,\"name\":\"Erdstatische Berechnungen\"}]},{\"@type\":\"WebSite\",\"@id\":\"https:\\\/\\\/p693934.mittwaldserver.info\\\/wordpress\\\/#website\",\"url\":\"https:\\\/\\\/p693934.mittwaldserver.info\\\/wordpress\\\/\",\"name\":\"WSP Wittlich\",\"description\":\"\",\"potentialAction\":[{\"@type\":\"SearchAction\",\"target\":{\"@type\":\"EntryPoint\",\"urlTemplate\":\"https:\\\/\\\/p693934.mittwaldserver.info\\\/wordpress\\\/?s={search_term_string}\"},\"query-input\":{\"@type\":\"PropertyValueSpecification\",\"valueRequired\":true,\"valueName\":\"search_term_string\"}}],\"inLanguage\":\"de\"}]}<\/script>\n<!-- \/ Yoast SEO plugin. -->","yoast_head_json":{"title":"Erdstatische Berechnungen - WSP Wittlich","description":"Erdstatische Berechnungen von WSP Wittlich: Tragf\u00e4higkeit, Setzungen & Bodenpressung pr\u00fcfen - f\u00fcr sichere Gr\u00fcndung und pr\u00fcff\u00e4hige Bauplanung.","robots":{"index":"noindex","follow":"follow","max-snippet":"max-snippet:-1","max-image-preview":"max-image-preview:large","max-video-preview":"max-video-preview:-1"},"og_locale":"de_DE","og_type":"article","og_title":"Erdstatische Berechnungen - WSP Wittlich","og_description":"Erdstatische Berechnungen von WSP Wittlich: Tragf\u00e4higkeit, Setzungen & Bodenpressung pr\u00fcfen - f\u00fcr sichere Gr\u00fcndung und pr\u00fcff\u00e4hige Bauplanung.","og_url":"https:\/\/p693934.mittwaldserver.info\/wordpress\/leistungen\/erdstatische-berechnungen\/","og_site_name":"WSP Wittlich","article_modified_time":"2025-07-30T08:19:26+00:00","twitter_card":"summary_large_image","twitter_misc":{"Gesch\u00e4tzte Lesezeit":"3\u00a0Minuten"},"schema":{"@context":"https:\/\/schema.org","@graph":[{"@type":"WebPage","@id":"https:\/\/p693934.mittwaldserver.info\/wordpress\/leistungen\/erdstatische-berechnungen\/","url":"https:\/\/p693934.mittwaldserver.info\/wordpress\/leistungen\/erdstatische-berechnungen\/","name":"Erdstatische Berechnungen - WSP Wittlich","isPartOf":{"@id":"https:\/\/p693934.mittwaldserver.info\/wordpress\/#website"},"datePublished":"2025-07-23T13:02:43+00:00","dateModified":"2025-07-30T08:19:26+00:00","description":"Erdstatische Berechnungen von WSP Wittlich: Tragf\u00e4higkeit, Setzungen & Bodenpressung pr\u00fcfen - f\u00fcr sichere Gr\u00fcndung und pr\u00fcff\u00e4hige Bauplanung.","breadcrumb":{"@id":"https:\/\/p693934.mittwaldserver.info\/wordpress\/leistungen\/erdstatische-berechnungen\/#breadcrumb"},"inLanguage":"de","potentialAction":[{"@type":"ReadAction","target":["https:\/\/p693934.mittwaldserver.info\/wordpress\/leistungen\/erdstatische-berechnungen\/"]}]},{"@type":"BreadcrumbList","@id":"https:\/\/p693934.mittwaldserver.info\/wordpress\/leistungen\/erdstatische-berechnungen\/#breadcrumb","itemListElement":[{"@type":"ListItem","position":1,"name":"Startseite","item":"https:\/\/p693934.mittwaldserver.info\/wordpress\/"},{"@type":"ListItem","position":2,"name":"Leistungen","item":"https:\/\/p693934.mittwaldserver.info\/wordpress\/leistungen\/"},{"@type":"ListItem","position":3,"name":"Erdstatische Berechnungen"}]},{"@type":"WebSite","@id":"https:\/\/p693934.mittwaldserver.info\/wordpress\/#website","url":"https:\/\/p693934.mittwaldserver.info\/wordpress\/","name":"WSP Wittlich","description":"","potentialAction":[{"@type":"SearchAction","target":{"@type":"EntryPoint","urlTemplate":"https:\/\/p693934.mittwaldserver.info\/wordpress\/?s={search_term_string}"},"query-input":{"@type":"PropertyValueSpecification","valueRequired":true,"valueName":"search_term_string"}}],"inLanguage":"de"}]}},"_links":{"self":[{"href":"https:\/\/p693934.mittwaldserver.info\/wordpress\/wp-json\/wp\/v2\/pages\/199","targetHints":{"allow":["GET"]}}],"collection":[{"href":"https:\/\/p693934.mittwaldserver.info\/wordpress\/wp-json\/wp\/v2\/pages"}],"about":[{"href":"https:\/\/p693934.mittwaldserver.info\/wordpress\/wp-json\/wp\/v2\/types\/page"}],"author":[{"embeddable":true,"href":"https:\/\/p693934.mittwaldserver.info\/wordpress\/wp-json\/wp\/v2\/users\/3"}],"replies":[{"embeddable":true,"href":"https:\/\/p693934.mittwaldserver.info\/wordpress\/wp-json\/wp\/v2\/comments?post=199"}],"version-history":[{"count":1,"href":"https:\/\/p693934.mittwaldserver.info\/wordpress\/wp-json\/wp\/v2\/pages\/199\/revisions"}],"predecessor-version":[{"id":200,"href":"https:\/\/p693934.mittwaldserver.info\/wordpress\/wp-json\/wp\/v2\/pages\/199\/revisions\/200"}],"up":[{"embeddable":true,"href":"https:\/\/p693934.mittwaldserver.info\/wordpress\/wp-json\/wp\/v2\/pages\/163"}],"wp:attachment":[{"href":"https:\/\/p693934.mittwaldserver.info\/wordpress\/wp-json\/wp\/v2\/media?parent=199"}],"curies":[{"name":"wp","href":"https:\/\/api.w.org\/{rel}","templated":true}]}}