{"id":197,"date":"2025-07-23T14:59:26","date_gmt":"2025-07-23T12:59:26","guid":{"rendered":"https:\/\/p693934.mittwaldserver.info\/wordpress\/?page_id=197"},"modified":"2025-09-01T11:47:18","modified_gmt":"2025-09-01T09:47:18","slug":"tragfaehigkeitspruefung","status":"publish","type":"page","link":"https:\/\/p693934.mittwaldserver.info\/wordpress\/leistungen\/tragfaehigkeitspruefung\/","title":{"rendered":"Tragf\u00e4higkeitspr\u00fcfung"},"content":{"rendered":"","protected":false},"excerpt":{"rendered":"","protected":false},"author":3,"featured_media":0,"parent":163,"menu_order":3,"comment_status":"closed","ping_status":"closed","template":"","meta":{"footnotes":""},"class_list":["post-197","page","type-page","status-publish","hentry"],"yoast_head":"<!-- This site is optimized with the Yoast SEO plugin v27.3 - https:\/\/yoast.com\/product\/yoast-seo-wordpress\/ -->\n<title>Tragf\u00e4higkeitspr\u00fcfung - WSP Wittlich<\/title>\n<meta name=\"description\" content=\"Baugrundgutachten von WSP Wittlich: Tragf\u00e4higkeit pr\u00fcfen, Gr\u00fcndung planen &amp; Risiken minimieren - f\u00fcr sichere Fundamente &amp; genehmigungsf\u00e4hige Projekte.\" \/>\n<meta name=\"robots\" content=\"noindex, follow, max-snippet:-1, max-image-preview:large, max-video-preview:-1\" \/>\n<meta property=\"og:locale\" content=\"de_DE\" \/>\n<meta property=\"og:type\" content=\"article\" \/>\n<meta property=\"og:title\" content=\"Tragf\u00e4higkeitspr\u00fcfung - WSP Wittlich\" \/>\n<meta property=\"og:description\" content=\"Baugrundgutachten von WSP Wittlich: Tragf\u00e4higkeit pr\u00fcfen, Gr\u00fcndung planen &amp; Risiken minimieren - f\u00fcr sichere Fundamente &amp; genehmigungsf\u00e4hige Projekte.\" \/>\n<meta property=\"og:url\" content=\"https:\/\/p693934.mittwaldserver.info\/wordpress\/leistungen\/tragfaehigkeitspruefung\/\" \/>\n<meta property=\"og:site_name\" content=\"WSP Wittlich\" \/>\n<meta property=\"article:modified_time\" content=\"2025-09-01T09:47:18+00:00\" \/>\n<meta name=\"twitter:card\" content=\"summary_large_image\" \/>\n<meta name=\"twitter:label1\" content=\"Gesch\u00e4tzte Lesezeit\" \/>\n\t<meta name=\"twitter:data1\" content=\"2\u00a0Minuten\" \/>\n<script type=\"application\/ld+json\" class=\"yoast-schema-graph\">{\"@context\":\"https:\\\/\\\/schema.org\",\"@graph\":[{\"@type\":\"WebPage\",\"@id\":\"https:\\\/\\\/p693934.mittwaldserver.info\\\/wordpress\\\/leistungen\\\/tragfaehigkeitspruefung\\\/\",\"url\":\"https:\\\/\\\/p693934.mittwaldserver.info\\\/wordpress\\\/leistungen\\\/tragfaehigkeitspruefung\\\/\",\"name\":\"Tragf\u00e4higkeitspr\u00fcfung - WSP Wittlich\",\"isPartOf\":{\"@id\":\"https:\\\/\\\/p693934.mittwaldserver.info\\\/wordpress\\\/#website\"},\"datePublished\":\"2025-07-23T12:59:26+00:00\",\"dateModified\":\"2025-09-01T09:47:18+00:00\",\"description\":\"Baugrundgutachten von WSP Wittlich: Tragf\u00e4higkeit pr\u00fcfen, Gr\u00fcndung planen & Risiken minimieren - f\u00fcr sichere Fundamente & genehmigungsf\u00e4hige Projekte.\",\"breadcrumb\":{\"@id\":\"https:\\\/\\\/p693934.mittwaldserver.info\\\/wordpress\\\/leistungen\\\/tragfaehigkeitspruefung\\\/#breadcrumb\"},\"inLanguage\":\"de\",\"potentialAction\":[{\"@type\":\"ReadAction\",\"target\":[\"https:\\\/\\\/p693934.mittwaldserver.info\\\/wordpress\\\/leistungen\\\/tragfaehigkeitspruefung\\\/\"]}]},{\"@type\":\"BreadcrumbList\",\"@id\":\"https:\\\/\\\/p693934.mittwaldserver.info\\\/wordpress\\\/leistungen\\\/tragfaehigkeitspruefung\\\/#breadcrumb\",\"itemListElement\":[{\"@type\":\"ListItem\",\"position\":1,\"name\":\"Startseite\",\"item\":\"https:\\\/\\\/p693934.mittwaldserver.info\\\/wordpress\\\/\"},{\"@type\":\"ListItem\",\"position\":2,\"name\":\"Leistungen\",\"item\":\"https:\\\/\\\/p693934.mittwaldserver.info\\\/wordpress\\\/leistungen\\\/\"},{\"@type\":\"ListItem\",\"position\":3,\"name\":\"Tragf\u00e4higkeitspr\u00fcfung\"}]},{\"@type\":\"WebSite\",\"@id\":\"https:\\\/\\\/p693934.mittwaldserver.info\\\/wordpress\\\/#website\",\"url\":\"https:\\\/\\\/p693934.mittwaldserver.info\\\/wordpress\\\/\",\"name\":\"WSP Wittlich\",\"description\":\"\",\"potentialAction\":[{\"@type\":\"SearchAction\",\"target\":{\"@type\":\"EntryPoint\",\"urlTemplate\":\"https:\\\/\\\/p693934.mittwaldserver.info\\\/wordpress\\\/?s={search_term_string}\"},\"query-input\":{\"@type\":\"PropertyValueSpecification\",\"valueRequired\":true,\"valueName\":\"search_term_string\"}}],\"inLanguage\":\"de\"}]}<\/script>\n<!-- \/ Yoast SEO plugin. -->","yoast_head_json":{"title":"Tragf\u00e4higkeitspr\u00fcfung - WSP Wittlich","description":"Baugrundgutachten von WSP Wittlich: Tragf\u00e4higkeit pr\u00fcfen, Gr\u00fcndung planen & Risiken minimieren - f\u00fcr sichere Fundamente & genehmigungsf\u00e4hige Projekte.","robots":{"index":"noindex","follow":"follow","max-snippet":"max-snippet:-1","max-image-preview":"max-image-preview:large","max-video-preview":"max-video-preview:-1"},"og_locale":"de_DE","og_type":"article","og_title":"Tragf\u00e4higkeitspr\u00fcfung - WSP Wittlich","og_description":"Baugrundgutachten von WSP Wittlich: Tragf\u00e4higkeit pr\u00fcfen, Gr\u00fcndung planen & Risiken minimieren - f\u00fcr sichere Fundamente & genehmigungsf\u00e4hige Projekte.","og_url":"https:\/\/p693934.mittwaldserver.info\/wordpress\/leistungen\/tragfaehigkeitspruefung\/","og_site_name":"WSP Wittlich","article_modified_time":"2025-09-01T09:47:18+00:00","twitter_card":"summary_large_image","twitter_misc":{"Gesch\u00e4tzte Lesezeit":"2\u00a0Minuten"},"schema":{"@context":"https:\/\/schema.org","@graph":[{"@type":"WebPage","@id":"https:\/\/p693934.mittwaldserver.info\/wordpress\/leistungen\/tragfaehigkeitspruefung\/","url":"https:\/\/p693934.mittwaldserver.info\/wordpress\/leistungen\/tragfaehigkeitspruefung\/","name":"Tragf\u00e4higkeitspr\u00fcfung - WSP Wittlich","isPartOf":{"@id":"https:\/\/p693934.mittwaldserver.info\/wordpress\/#website"},"datePublished":"2025-07-23T12:59:26+00:00","dateModified":"2025-09-01T09:47:18+00:00","description":"Baugrundgutachten von WSP Wittlich: Tragf\u00e4higkeit pr\u00fcfen, Gr\u00fcndung planen & Risiken minimieren - f\u00fcr sichere Fundamente & genehmigungsf\u00e4hige Projekte.","breadcrumb":{"@id":"https:\/\/p693934.mittwaldserver.info\/wordpress\/leistungen\/tragfaehigkeitspruefung\/#breadcrumb"},"inLanguage":"de","potentialAction":[{"@type":"ReadAction","target":["https:\/\/p693934.mittwaldserver.info\/wordpress\/leistungen\/tragfaehigkeitspruefung\/"]}]},{"@type":"BreadcrumbList","@id":"https:\/\/p693934.mittwaldserver.info\/wordpress\/leistungen\/tragfaehigkeitspruefung\/#breadcrumb","itemListElement":[{"@type":"ListItem","position":1,"name":"Startseite","item":"https:\/\/p693934.mittwaldserver.info\/wordpress\/"},{"@type":"ListItem","position":2,"name":"Leistungen","item":"https:\/\/p693934.mittwaldserver.info\/wordpress\/leistungen\/"},{"@type":"ListItem","position":3,"name":"Tragf\u00e4higkeitspr\u00fcfung"}]},{"@type":"WebSite","@id":"https:\/\/p693934.mittwaldserver.info\/wordpress\/#website","url":"https:\/\/p693934.mittwaldserver.info\/wordpress\/","name":"WSP Wittlich","description":"","potentialAction":[{"@type":"SearchAction","target":{"@type":"EntryPoint","urlTemplate":"https:\/\/p693934.mittwaldserver.info\/wordpress\/?s={search_term_string}"},"query-input":{"@type":"PropertyValueSpecification","valueRequired":true,"valueName":"search_term_string"}}],"inLanguage":"de"}]}},"_links":{"self":[{"href":"https:\/\/p693934.mittwaldserver.info\/wordpress\/wp-json\/wp\/v2\/pages\/197","targetHints":{"allow":["GET"]}}],"collection":[{"href":"https:\/\/p693934.mittwaldserver.info\/wordpress\/wp-json\/wp\/v2\/pages"}],"about":[{"href":"https:\/\/p693934.mittwaldserver.info\/wordpress\/wp-json\/wp\/v2\/types\/page"}],"author":[{"embeddable":true,"href":"https:\/\/p693934.mittwaldserver.info\/wordpress\/wp-json\/wp\/v2\/users\/3"}],"replies":[{"embeddable":true,"href":"https:\/\/p693934.mittwaldserver.info\/wordpress\/wp-json\/wp\/v2\/comments?post=197"}],"version-history":[{"count":2,"href":"https:\/\/p693934.mittwaldserver.info\/wordpress\/wp-json\/wp\/v2\/pages\/197\/revisions"}],"predecessor-version":[{"id":246,"href":"https:\/\/p693934.mittwaldserver.info\/wordpress\/wp-json\/wp\/v2\/pages\/197\/revisions\/246"}],"up":[{"embeddable":true,"href":"https:\/\/p693934.mittwaldserver.info\/wordpress\/wp-json\/wp\/v2\/pages\/163"}],"wp:attachment":[{"href":"https:\/\/p693934.mittwaldserver.info\/wordpress\/wp-json\/wp\/v2\/media?parent=197"}],"curies":[{"name":"wp","href":"https:\/\/api.w.org\/{rel}","templated":true}]}}