{"id":195,"date":"2025-07-23T14:55:02","date_gmt":"2025-07-23T12:55:02","guid":{"rendered":"https:\/\/p693934.mittwaldserver.info\/wordpress\/?page_id=195"},"modified":"2025-09-25T14:16:42","modified_gmt":"2025-09-25T12:16:42","slug":"schadstoffgutachten","status":"publish","type":"page","link":"https:\/\/p693934.mittwaldserver.info\/wordpress\/leistungen\/schadstoffgutachten\/","title":{"rendered":"Schadstoffgutachten"},"content":{"rendered":"","protected":false},"excerpt":{"rendered":"","protected":false},"author":3,"featured_media":0,"parent":163,"menu_order":2,"comment_status":"closed","ping_status":"closed","template":"","meta":{"footnotes":""},"class_list":["post-195","page","type-page","status-publish","hentry"],"yoast_head":"<!-- This site is optimized with the Yoast SEO plugin v27.3 - https:\/\/yoast.com\/product\/yoast-seo-wordpress\/ -->\n<title>Schadstoffgutachten - WSP Wittlich<\/title>\n<meta name=\"description\" content=\"Geb\u00e4udeschadstoffe erkennen mit WSP Wittlich: Asbest &amp; Co. analysieren, bewerten &amp; rechtssicher dokumentieren - f\u00fcr Umbau, R\u00fcckbau &amp; Sanierung.\" \/>\n<meta name=\"robots\" content=\"noindex, follow, max-snippet:-1, max-image-preview:large, max-video-preview:-1\" \/>\n<meta property=\"og:locale\" content=\"de_DE\" \/>\n<meta property=\"og:type\" content=\"article\" \/>\n<meta property=\"og:title\" content=\"Schadstoffgutachten - WSP Wittlich\" \/>\n<meta property=\"og:description\" content=\"Geb\u00e4udeschadstoffe erkennen mit WSP Wittlich: Asbest &amp; Co. analysieren, bewerten &amp; rechtssicher dokumentieren - f\u00fcr Umbau, R\u00fcckbau &amp; Sanierung.\" \/>\n<meta property=\"og:url\" content=\"https:\/\/p693934.mittwaldserver.info\/wordpress\/leistungen\/schadstoffgutachten\/\" \/>\n<meta property=\"og:site_name\" content=\"WSP Wittlich\" \/>\n<meta property=\"article:modified_time\" content=\"2025-09-25T12:16:42+00:00\" \/>\n<meta name=\"twitter:card\" content=\"summary_large_image\" \/>\n<meta name=\"twitter:label1\" content=\"Gesch\u00e4tzte Lesezeit\" \/>\n\t<meta name=\"twitter:data1\" content=\"2\u00a0Minuten\" \/>\n<script type=\"application\/ld+json\" class=\"yoast-schema-graph\">{\"@context\":\"https:\\\/\\\/schema.org\",\"@graph\":[{\"@type\":\"WebPage\",\"@id\":\"https:\\\/\\\/p693934.mittwaldserver.info\\\/wordpress\\\/leistungen\\\/schadstoffgutachten\\\/\",\"url\":\"https:\\\/\\\/p693934.mittwaldserver.info\\\/wordpress\\\/leistungen\\\/schadstoffgutachten\\\/\",\"name\":\"Schadstoffgutachten - WSP Wittlich\",\"isPartOf\":{\"@id\":\"https:\\\/\\\/p693934.mittwaldserver.info\\\/wordpress\\\/#website\"},\"datePublished\":\"2025-07-23T12:55:02+00:00\",\"dateModified\":\"2025-09-25T12:16:42+00:00\",\"description\":\"Geb\u00e4udeschadstoffe erkennen mit WSP Wittlich: Asbest & Co. analysieren, bewerten & rechtssicher dokumentieren - f\u00fcr Umbau, R\u00fcckbau & Sanierung.\",\"breadcrumb\":{\"@id\":\"https:\\\/\\\/p693934.mittwaldserver.info\\\/wordpress\\\/leistungen\\\/schadstoffgutachten\\\/#breadcrumb\"},\"inLanguage\":\"de\",\"potentialAction\":[{\"@type\":\"ReadAction\",\"target\":[\"https:\\\/\\\/p693934.mittwaldserver.info\\\/wordpress\\\/leistungen\\\/schadstoffgutachten\\\/\"]}]},{\"@type\":\"BreadcrumbList\",\"@id\":\"https:\\\/\\\/p693934.mittwaldserver.info\\\/wordpress\\\/leistungen\\\/schadstoffgutachten\\\/#breadcrumb\",\"itemListElement\":[{\"@type\":\"ListItem\",\"position\":1,\"name\":\"Startseite\",\"item\":\"https:\\\/\\\/p693934.mittwaldserver.info\\\/wordpress\\\/\"},{\"@type\":\"ListItem\",\"position\":2,\"name\":\"Leistungen\",\"item\":\"https:\\\/\\\/p693934.mittwaldserver.info\\\/wordpress\\\/leistungen\\\/\"},{\"@type\":\"ListItem\",\"position\":3,\"name\":\"Schadstoffgutachten\"}]},{\"@type\":\"WebSite\",\"@id\":\"https:\\\/\\\/p693934.mittwaldserver.info\\\/wordpress\\\/#website\",\"url\":\"https:\\\/\\\/p693934.mittwaldserver.info\\\/wordpress\\\/\",\"name\":\"WSP Wittlich\",\"description\":\"\",\"potentialAction\":[{\"@type\":\"SearchAction\",\"target\":{\"@type\":\"EntryPoint\",\"urlTemplate\":\"https:\\\/\\\/p693934.mittwaldserver.info\\\/wordpress\\\/?s={search_term_string}\"},\"query-input\":{\"@type\":\"PropertyValueSpecification\",\"valueRequired\":true,\"valueName\":\"search_term_string\"}}],\"inLanguage\":\"de\"}]}<\/script>\n<!-- \/ Yoast SEO plugin. -->","yoast_head_json":{"title":"Schadstoffgutachten - WSP Wittlich","description":"Geb\u00e4udeschadstoffe erkennen mit WSP Wittlich: Asbest & Co. analysieren, bewerten & rechtssicher dokumentieren - f\u00fcr Umbau, R\u00fcckbau & Sanierung.","robots":{"index":"noindex","follow":"follow","max-snippet":"max-snippet:-1","max-image-preview":"max-image-preview:large","max-video-preview":"max-video-preview:-1"},"og_locale":"de_DE","og_type":"article","og_title":"Schadstoffgutachten - WSP Wittlich","og_description":"Geb\u00e4udeschadstoffe erkennen mit WSP Wittlich: Asbest & Co. analysieren, bewerten & rechtssicher dokumentieren - f\u00fcr Umbau, R\u00fcckbau & Sanierung.","og_url":"https:\/\/p693934.mittwaldserver.info\/wordpress\/leistungen\/schadstoffgutachten\/","og_site_name":"WSP Wittlich","article_modified_time":"2025-09-25T12:16:42+00:00","twitter_card":"summary_large_image","twitter_misc":{"Gesch\u00e4tzte Lesezeit":"2\u00a0Minuten"},"schema":{"@context":"https:\/\/schema.org","@graph":[{"@type":"WebPage","@id":"https:\/\/p693934.mittwaldserver.info\/wordpress\/leistungen\/schadstoffgutachten\/","url":"https:\/\/p693934.mittwaldserver.info\/wordpress\/leistungen\/schadstoffgutachten\/","name":"Schadstoffgutachten - WSP Wittlich","isPartOf":{"@id":"https:\/\/p693934.mittwaldserver.info\/wordpress\/#website"},"datePublished":"2025-07-23T12:55:02+00:00","dateModified":"2025-09-25T12:16:42+00:00","description":"Geb\u00e4udeschadstoffe erkennen mit WSP Wittlich: Asbest & Co. analysieren, bewerten & rechtssicher dokumentieren - f\u00fcr Umbau, R\u00fcckbau & Sanierung.","breadcrumb":{"@id":"https:\/\/p693934.mittwaldserver.info\/wordpress\/leistungen\/schadstoffgutachten\/#breadcrumb"},"inLanguage":"de","potentialAction":[{"@type":"ReadAction","target":["https:\/\/p693934.mittwaldserver.info\/wordpress\/leistungen\/schadstoffgutachten\/"]}]},{"@type":"BreadcrumbList","@id":"https:\/\/p693934.mittwaldserver.info\/wordpress\/leistungen\/schadstoffgutachten\/#breadcrumb","itemListElement":[{"@type":"ListItem","position":1,"name":"Startseite","item":"https:\/\/p693934.mittwaldserver.info\/wordpress\/"},{"@type":"ListItem","position":2,"name":"Leistungen","item":"https:\/\/p693934.mittwaldserver.info\/wordpress\/leistungen\/"},{"@type":"ListItem","position":3,"name":"Schadstoffgutachten"}]},{"@type":"WebSite","@id":"https:\/\/p693934.mittwaldserver.info\/wordpress\/#website","url":"https:\/\/p693934.mittwaldserver.info\/wordpress\/","name":"WSP Wittlich","description":"","potentialAction":[{"@type":"SearchAction","target":{"@type":"EntryPoint","urlTemplate":"https:\/\/p693934.mittwaldserver.info\/wordpress\/?s={search_term_string}"},"query-input":{"@type":"PropertyValueSpecification","valueRequired":true,"valueName":"search_term_string"}}],"inLanguage":"de"}]}},"_links":{"self":[{"href":"https:\/\/p693934.mittwaldserver.info\/wordpress\/wp-json\/wp\/v2\/pages\/195","targetHints":{"allow":["GET"]}}],"collection":[{"href":"https:\/\/p693934.mittwaldserver.info\/wordpress\/wp-json\/wp\/v2\/pages"}],"about":[{"href":"https:\/\/p693934.mittwaldserver.info\/wordpress\/wp-json\/wp\/v2\/types\/page"}],"author":[{"embeddable":true,"href":"https:\/\/p693934.mittwaldserver.info\/wordpress\/wp-json\/wp\/v2\/users\/3"}],"replies":[{"embeddable":true,"href":"https:\/\/p693934.mittwaldserver.info\/wordpress\/wp-json\/wp\/v2\/comments?post=195"}],"version-history":[{"count":2,"href":"https:\/\/p693934.mittwaldserver.info\/wordpress\/wp-json\/wp\/v2\/pages\/195\/revisions"}],"predecessor-version":[{"id":325,"href":"https:\/\/p693934.mittwaldserver.info\/wordpress\/wp-json\/wp\/v2\/pages\/195\/revisions\/325"}],"up":[{"embeddable":true,"href":"https:\/\/p693934.mittwaldserver.info\/wordpress\/wp-json\/wp\/v2\/pages\/163"}],"wp:attachment":[{"href":"https:\/\/p693934.mittwaldserver.info\/wordpress\/wp-json\/wp\/v2\/media?parent=195"}],"curies":[{"name":"wp","href":"https:\/\/api.w.org\/{rel}","templated":true}]}}