{"id":177,"date":"2025-07-07T15:18:31","date_gmt":"2025-07-07T13:18:31","guid":{"rendered":"https:\/\/p693934.mittwaldserver.info\/wordpress\/?page_id=177"},"modified":"2025-09-03T09:31:42","modified_gmt":"2025-09-03T07:31:42","slug":"baugrund-und-gruendungsgutachten","status":"publish","type":"page","link":"https:\/\/p693934.mittwaldserver.info\/wordpress\/leistungen\/baugrund-und-gruendungsgutachten\/","title":{"rendered":"Baugrund- und Gr\u00fcndungsgutachten"},"content":{"rendered":"","protected":false},"excerpt":{"rendered":"","protected":false},"author":3,"featured_media":0,"parent":163,"menu_order":1,"comment_status":"closed","ping_status":"closed","template":"","meta":{"footnotes":""},"class_list":["post-177","page","type-page","status-publish","hentry"],"yoast_head":"<!-- This site is optimized with the Yoast SEO plugin v27.3 - https:\/\/yoast.com\/product\/yoast-seo-wordpress\/ -->\n<title>Baugrund- und Gr\u00fcndungsgutachten - WSP Wittlich<\/title>\n<meta name=\"description\" content=\"Baugrunderkundung mit WSP Wittlich: Tragf\u00e4higkeit pr\u00fcfen, Risiken erkennen, Baugrund analysieren - normgerecht, nachvollziehbar &amp; regional kompetent.\" \/>\n<meta name=\"robots\" content=\"noindex, follow, max-snippet:-1, max-image-preview:large, max-video-preview:-1\" \/>\n<meta property=\"og:locale\" content=\"de_DE\" \/>\n<meta property=\"og:type\" content=\"article\" \/>\n<meta property=\"og:title\" content=\"Baugrund- und Gr\u00fcndungsgutachten - WSP Wittlich\" \/>\n<meta property=\"og:description\" content=\"Baugrunderkundung mit WSP Wittlich: Tragf\u00e4higkeit pr\u00fcfen, Risiken erkennen, Baugrund analysieren - normgerecht, nachvollziehbar &amp; regional kompetent.\" \/>\n<meta property=\"og:url\" content=\"https:\/\/p693934.mittwaldserver.info\/wordpress\/leistungen\/baugrund-und-gruendungsgutachten\/\" \/>\n<meta property=\"og:site_name\" content=\"WSP Wittlich\" \/>\n<meta property=\"article:modified_time\" content=\"2025-09-03T07:31:42+00:00\" \/>\n<meta name=\"twitter:card\" content=\"summary_large_image\" \/>\n<meta name=\"twitter:label1\" content=\"Gesch\u00e4tzte Lesezeit\" \/>\n\t<meta name=\"twitter:data1\" content=\"3\u00a0Minuten\" \/>\n<script type=\"application\/ld+json\" class=\"yoast-schema-graph\">{\"@context\":\"https:\\\/\\\/schema.org\",\"@graph\":[{\"@type\":\"WebPage\",\"@id\":\"https:\\\/\\\/p693934.mittwaldserver.info\\\/wordpress\\\/leistungen\\\/baugrund-und-gruendungsgutachten\\\/\",\"url\":\"https:\\\/\\\/p693934.mittwaldserver.info\\\/wordpress\\\/leistungen\\\/baugrund-und-gruendungsgutachten\\\/\",\"name\":\"Baugrund- und Gr\u00fcndungsgutachten - WSP Wittlich\",\"isPartOf\":{\"@id\":\"https:\\\/\\\/p693934.mittwaldserver.info\\\/wordpress\\\/#website\"},\"datePublished\":\"2025-07-07T13:18:31+00:00\",\"dateModified\":\"2025-09-03T07:31:42+00:00\",\"description\":\"Baugrunderkundung mit WSP Wittlich: Tragf\u00e4higkeit pr\u00fcfen, Risiken erkennen, Baugrund analysieren - normgerecht, nachvollziehbar & regional kompetent.\",\"breadcrumb\":{\"@id\":\"https:\\\/\\\/p693934.mittwaldserver.info\\\/wordpress\\\/leistungen\\\/baugrund-und-gruendungsgutachten\\\/#breadcrumb\"},\"inLanguage\":\"de\",\"potentialAction\":[{\"@type\":\"ReadAction\",\"target\":[\"https:\\\/\\\/p693934.mittwaldserver.info\\\/wordpress\\\/leistungen\\\/baugrund-und-gruendungsgutachten\\\/\"]}]},{\"@type\":\"BreadcrumbList\",\"@id\":\"https:\\\/\\\/p693934.mittwaldserver.info\\\/wordpress\\\/leistungen\\\/baugrund-und-gruendungsgutachten\\\/#breadcrumb\",\"itemListElement\":[{\"@type\":\"ListItem\",\"position\":1,\"name\":\"Startseite\",\"item\":\"https:\\\/\\\/p693934.mittwaldserver.info\\\/wordpress\\\/\"},{\"@type\":\"ListItem\",\"position\":2,\"name\":\"Leistungen\",\"item\":\"https:\\\/\\\/p693934.mittwaldserver.info\\\/wordpress\\\/leistungen\\\/\"},{\"@type\":\"ListItem\",\"position\":3,\"name\":\"Baugrund- und Gr\u00fcndungsgutachten\"}]},{\"@type\":\"WebSite\",\"@id\":\"https:\\\/\\\/p693934.mittwaldserver.info\\\/wordpress\\\/#website\",\"url\":\"https:\\\/\\\/p693934.mittwaldserver.info\\\/wordpress\\\/\",\"name\":\"WSP Wittlich\",\"description\":\"\",\"potentialAction\":[{\"@type\":\"SearchAction\",\"target\":{\"@type\":\"EntryPoint\",\"urlTemplate\":\"https:\\\/\\\/p693934.mittwaldserver.info\\\/wordpress\\\/?s={search_term_string}\"},\"query-input\":{\"@type\":\"PropertyValueSpecification\",\"valueRequired\":true,\"valueName\":\"search_term_string\"}}],\"inLanguage\":\"de\"}]}<\/script>\n<!-- \/ Yoast SEO plugin. -->","yoast_head_json":{"title":"Baugrund- und Gr\u00fcndungsgutachten - WSP Wittlich","description":"Baugrunderkundung mit WSP Wittlich: Tragf\u00e4higkeit pr\u00fcfen, Risiken erkennen, Baugrund analysieren - normgerecht, nachvollziehbar & regional kompetent.","robots":{"index":"noindex","follow":"follow","max-snippet":"max-snippet:-1","max-image-preview":"max-image-preview:large","max-video-preview":"max-video-preview:-1"},"og_locale":"de_DE","og_type":"article","og_title":"Baugrund- und Gr\u00fcndungsgutachten - WSP Wittlich","og_description":"Baugrunderkundung mit WSP Wittlich: Tragf\u00e4higkeit pr\u00fcfen, Risiken erkennen, Baugrund analysieren - normgerecht, nachvollziehbar & regional kompetent.","og_url":"https:\/\/p693934.mittwaldserver.info\/wordpress\/leistungen\/baugrund-und-gruendungsgutachten\/","og_site_name":"WSP Wittlich","article_modified_time":"2025-09-03T07:31:42+00:00","twitter_card":"summary_large_image","twitter_misc":{"Gesch\u00e4tzte Lesezeit":"3\u00a0Minuten"},"schema":{"@context":"https:\/\/schema.org","@graph":[{"@type":"WebPage","@id":"https:\/\/p693934.mittwaldserver.info\/wordpress\/leistungen\/baugrund-und-gruendungsgutachten\/","url":"https:\/\/p693934.mittwaldserver.info\/wordpress\/leistungen\/baugrund-und-gruendungsgutachten\/","name":"Baugrund- und Gr\u00fcndungsgutachten - WSP Wittlich","isPartOf":{"@id":"https:\/\/p693934.mittwaldserver.info\/wordpress\/#website"},"datePublished":"2025-07-07T13:18:31+00:00","dateModified":"2025-09-03T07:31:42+00:00","description":"Baugrunderkundung mit WSP Wittlich: Tragf\u00e4higkeit pr\u00fcfen, Risiken erkennen, Baugrund analysieren - normgerecht, nachvollziehbar & regional kompetent.","breadcrumb":{"@id":"https:\/\/p693934.mittwaldserver.info\/wordpress\/leistungen\/baugrund-und-gruendungsgutachten\/#breadcrumb"},"inLanguage":"de","potentialAction":[{"@type":"ReadAction","target":["https:\/\/p693934.mittwaldserver.info\/wordpress\/leistungen\/baugrund-und-gruendungsgutachten\/"]}]},{"@type":"BreadcrumbList","@id":"https:\/\/p693934.mittwaldserver.info\/wordpress\/leistungen\/baugrund-und-gruendungsgutachten\/#breadcrumb","itemListElement":[{"@type":"ListItem","position":1,"name":"Startseite","item":"https:\/\/p693934.mittwaldserver.info\/wordpress\/"},{"@type":"ListItem","position":2,"name":"Leistungen","item":"https:\/\/p693934.mittwaldserver.info\/wordpress\/leistungen\/"},{"@type":"ListItem","position":3,"name":"Baugrund- und Gr\u00fcndungsgutachten"}]},{"@type":"WebSite","@id":"https:\/\/p693934.mittwaldserver.info\/wordpress\/#website","url":"https:\/\/p693934.mittwaldserver.info\/wordpress\/","name":"WSP Wittlich","description":"","potentialAction":[{"@type":"SearchAction","target":{"@type":"EntryPoint","urlTemplate":"https:\/\/p693934.mittwaldserver.info\/wordpress\/?s={search_term_string}"},"query-input":{"@type":"PropertyValueSpecification","valueRequired":true,"valueName":"search_term_string"}}],"inLanguage":"de"}]}},"_links":{"self":[{"href":"https:\/\/p693934.mittwaldserver.info\/wordpress\/wp-json\/wp\/v2\/pages\/177","targetHints":{"allow":["GET"]}}],"collection":[{"href":"https:\/\/p693934.mittwaldserver.info\/wordpress\/wp-json\/wp\/v2\/pages"}],"about":[{"href":"https:\/\/p693934.mittwaldserver.info\/wordpress\/wp-json\/wp\/v2\/types\/page"}],"author":[{"embeddable":true,"href":"https:\/\/p693934.mittwaldserver.info\/wordpress\/wp-json\/wp\/v2\/users\/3"}],"replies":[{"embeddable":true,"href":"https:\/\/p693934.mittwaldserver.info\/wordpress\/wp-json\/wp\/v2\/comments?post=177"}],"version-history":[{"count":3,"href":"https:\/\/p693934.mittwaldserver.info\/wordpress\/wp-json\/wp\/v2\/pages\/177\/revisions"}],"predecessor-version":[{"id":310,"href":"https:\/\/p693934.mittwaldserver.info\/wordpress\/wp-json\/wp\/v2\/pages\/177\/revisions\/310"}],"up":[{"embeddable":true,"href":"https:\/\/p693934.mittwaldserver.info\/wordpress\/wp-json\/wp\/v2\/pages\/163"}],"wp:attachment":[{"href":"https:\/\/p693934.mittwaldserver.info\/wordpress\/wp-json\/wp\/v2\/media?parent=177"}],"curies":[{"name":"wp","href":"https:\/\/api.w.org\/{rel}","templated":true}]}}