{"id":175,"date":"2025-07-07T12:43:21","date_gmt":"2025-07-07T10:43:21","guid":{"rendered":"https:\/\/p693934.mittwaldserver.info\/wordpress\/?page_id=175"},"modified":"2025-07-30T10:15:50","modified_gmt":"2025-07-30T08:15:50","slug":"kontakt","status":"publish","type":"page","link":"https:\/\/p693934.mittwaldserver.info\/wordpress\/kontakt\/","title":{"rendered":"Kontakt"},"content":{"rendered":"","protected":false},"excerpt":{"rendered":"","protected":false},"author":3,"featured_media":0,"parent":0,"menu_order":7,"comment_status":"closed","ping_status":"closed","template":"","meta":{"footnotes":""},"class_list":["post-175","page","type-page","status-publish","hentry"],"yoast_head":"<!-- This site is optimized with the Yoast SEO plugin v27.3 - https:\/\/yoast.com\/product\/yoast-seo-wordpress\/ -->\n<title>Kontakt - WSP Wittlich<\/title>\n<meta name=\"description\" content=\"Kontakt zu WSP Wittlich: Jetzt unverbindlich Bodengutachten oder Baustoffpr\u00fcfung anfragen. Pers\u00f6nlich erreichbar - f\u00fcr sichere Bauprojekte von Anfang an.\" \/>\n<meta name=\"robots\" content=\"noindex, follow, max-snippet:-1, max-image-preview:large, max-video-preview:-1\" \/>\n<meta property=\"og:locale\" content=\"de_DE\" \/>\n<meta property=\"og:type\" content=\"article\" \/>\n<meta property=\"og:title\" content=\"Kontakt - WSP Wittlich\" \/>\n<meta property=\"og:description\" content=\"Kontakt zu WSP Wittlich: Jetzt unverbindlich Bodengutachten oder Baustoffpr\u00fcfung anfragen. Pers\u00f6nlich erreichbar - f\u00fcr sichere Bauprojekte von Anfang an.\" \/>\n<meta property=\"og:url\" content=\"https:\/\/p693934.mittwaldserver.info\/wordpress\/kontakt\/\" \/>\n<meta property=\"og:site_name\" content=\"WSP Wittlich\" \/>\n<meta property=\"article:modified_time\" content=\"2025-07-30T08:15:50+00:00\" \/>\n<meta name=\"twitter:card\" content=\"summary_large_image\" \/>\n<meta name=\"twitter:label1\" content=\"Gesch\u00e4tzte Lesezeit\" \/>\n\t<meta name=\"twitter:data1\" content=\"1\u00a0Minute\" \/>\n<script type=\"application\/ld+json\" class=\"yoast-schema-graph\">{\"@context\":\"https:\\\/\\\/schema.org\",\"@graph\":[{\"@type\":\"WebPage\",\"@id\":\"https:\\\/\\\/p693934.mittwaldserver.info\\\/wordpress\\\/kontakt\\\/\",\"url\":\"https:\\\/\\\/p693934.mittwaldserver.info\\\/wordpress\\\/kontakt\\\/\",\"name\":\"Kontakt - WSP Wittlich\",\"isPartOf\":{\"@id\":\"https:\\\/\\\/p693934.mittwaldserver.info\\\/wordpress\\\/#website\"},\"datePublished\":\"2025-07-07T10:43:21+00:00\",\"dateModified\":\"2025-07-30T08:15:50+00:00\",\"description\":\"Kontakt zu WSP Wittlich: Jetzt unverbindlich Bodengutachten oder Baustoffpr\u00fcfung anfragen. Pers\u00f6nlich erreichbar - f\u00fcr sichere Bauprojekte von Anfang an.\",\"breadcrumb\":{\"@id\":\"https:\\\/\\\/p693934.mittwaldserver.info\\\/wordpress\\\/kontakt\\\/#breadcrumb\"},\"inLanguage\":\"de\",\"potentialAction\":[{\"@type\":\"ReadAction\",\"target\":[\"https:\\\/\\\/p693934.mittwaldserver.info\\\/wordpress\\\/kontakt\\\/\"]}]},{\"@type\":\"BreadcrumbList\",\"@id\":\"https:\\\/\\\/p693934.mittwaldserver.info\\\/wordpress\\\/kontakt\\\/#breadcrumb\",\"itemListElement\":[{\"@type\":\"ListItem\",\"position\":1,\"name\":\"Startseite\",\"item\":\"https:\\\/\\\/p693934.mittwaldserver.info\\\/wordpress\\\/\"},{\"@type\":\"ListItem\",\"position\":2,\"name\":\"Kontakt\"}]},{\"@type\":\"WebSite\",\"@id\":\"https:\\\/\\\/p693934.mittwaldserver.info\\\/wordpress\\\/#website\",\"url\":\"https:\\\/\\\/p693934.mittwaldserver.info\\\/wordpress\\\/\",\"name\":\"WSP Wittlich\",\"description\":\"\",\"potentialAction\":[{\"@type\":\"SearchAction\",\"target\":{\"@type\":\"EntryPoint\",\"urlTemplate\":\"https:\\\/\\\/p693934.mittwaldserver.info\\\/wordpress\\\/?s={search_term_string}\"},\"query-input\":{\"@type\":\"PropertyValueSpecification\",\"valueRequired\":true,\"valueName\":\"search_term_string\"}}],\"inLanguage\":\"de\"}]}<\/script>\n<!-- \/ Yoast SEO plugin. -->","yoast_head_json":{"title":"Kontakt - WSP Wittlich","description":"Kontakt zu WSP Wittlich: Jetzt unverbindlich Bodengutachten oder Baustoffpr\u00fcfung anfragen. Pers\u00f6nlich erreichbar - f\u00fcr sichere Bauprojekte von Anfang an.","robots":{"index":"noindex","follow":"follow","max-snippet":"max-snippet:-1","max-image-preview":"max-image-preview:large","max-video-preview":"max-video-preview:-1"},"og_locale":"de_DE","og_type":"article","og_title":"Kontakt - WSP Wittlich","og_description":"Kontakt zu WSP Wittlich: Jetzt unverbindlich Bodengutachten oder Baustoffpr\u00fcfung anfragen. Pers\u00f6nlich erreichbar - f\u00fcr sichere Bauprojekte von Anfang an.","og_url":"https:\/\/p693934.mittwaldserver.info\/wordpress\/kontakt\/","og_site_name":"WSP Wittlich","article_modified_time":"2025-07-30T08:15:50+00:00","twitter_card":"summary_large_image","twitter_misc":{"Gesch\u00e4tzte Lesezeit":"1\u00a0Minute"},"schema":{"@context":"https:\/\/schema.org","@graph":[{"@type":"WebPage","@id":"https:\/\/p693934.mittwaldserver.info\/wordpress\/kontakt\/","url":"https:\/\/p693934.mittwaldserver.info\/wordpress\/kontakt\/","name":"Kontakt - WSP Wittlich","isPartOf":{"@id":"https:\/\/p693934.mittwaldserver.info\/wordpress\/#website"},"datePublished":"2025-07-07T10:43:21+00:00","dateModified":"2025-07-30T08:15:50+00:00","description":"Kontakt zu WSP Wittlich: Jetzt unverbindlich Bodengutachten oder Baustoffpr\u00fcfung anfragen. Pers\u00f6nlich erreichbar - f\u00fcr sichere Bauprojekte von Anfang an.","breadcrumb":{"@id":"https:\/\/p693934.mittwaldserver.info\/wordpress\/kontakt\/#breadcrumb"},"inLanguage":"de","potentialAction":[{"@type":"ReadAction","target":["https:\/\/p693934.mittwaldserver.info\/wordpress\/kontakt\/"]}]},{"@type":"BreadcrumbList","@id":"https:\/\/p693934.mittwaldserver.info\/wordpress\/kontakt\/#breadcrumb","itemListElement":[{"@type":"ListItem","position":1,"name":"Startseite","item":"https:\/\/p693934.mittwaldserver.info\/wordpress\/"},{"@type":"ListItem","position":2,"name":"Kontakt"}]},{"@type":"WebSite","@id":"https:\/\/p693934.mittwaldserver.info\/wordpress\/#website","url":"https:\/\/p693934.mittwaldserver.info\/wordpress\/","name":"WSP Wittlich","description":"","potentialAction":[{"@type":"SearchAction","target":{"@type":"EntryPoint","urlTemplate":"https:\/\/p693934.mittwaldserver.info\/wordpress\/?s={search_term_string}"},"query-input":{"@type":"PropertyValueSpecification","valueRequired":true,"valueName":"search_term_string"}}],"inLanguage":"de"}]}},"_links":{"self":[{"href":"https:\/\/p693934.mittwaldserver.info\/wordpress\/wp-json\/wp\/v2\/pages\/175","targetHints":{"allow":["GET"]}}],"collection":[{"href":"https:\/\/p693934.mittwaldserver.info\/wordpress\/wp-json\/wp\/v2\/pages"}],"about":[{"href":"https:\/\/p693934.mittwaldserver.info\/wordpress\/wp-json\/wp\/v2\/types\/page"}],"author":[{"embeddable":true,"href":"https:\/\/p693934.mittwaldserver.info\/wordpress\/wp-json\/wp\/v2\/users\/3"}],"replies":[{"embeddable":true,"href":"https:\/\/p693934.mittwaldserver.info\/wordpress\/wp-json\/wp\/v2\/comments?post=175"}],"version-history":[{"count":1,"href":"https:\/\/p693934.mittwaldserver.info\/wordpress\/wp-json\/wp\/v2\/pages\/175\/revisions"}],"predecessor-version":[{"id":176,"href":"https:\/\/p693934.mittwaldserver.info\/wordpress\/wp-json\/wp\/v2\/pages\/175\/revisions\/176"}],"wp:attachment":[{"href":"https:\/\/p693934.mittwaldserver.info\/wordpress\/wp-json\/wp\/v2\/media?parent=175"}],"curies":[{"name":"wp","href":"https:\/\/api.w.org\/{rel}","templated":true}]}}